{"id":143,"date":"2024-11-29T09:49:37","date_gmt":"2024-11-29T08:49:37","guid":{"rendered":"https:\/\/organikasrodowisko.pl\/?page_id=143"},"modified":"2025-06-13T10:13:27","modified_gmt":"2025-06-13T08:13:27","slug":"relacje-inwestorskie","status":"publish","type":"page","link":"https:\/\/organikasrodowisko.pl\/?page_id=143","title":{"rendered":"Relacje inwestorskie"},"content":{"rendered":"\n<div class=\"wp-block-group alignfull has-global-padding is-layout-constrained wp-container-core-group-is-layout-490fa1db wp-block-group-is-layout-constrained\" style=\"padding-top:var(--wp--preset--spacing--50);padding-right:var(--wp--preset--spacing--50);padding-bottom:var(--wp--preset--spacing--50);padding-left:var(--wp--preset--spacing--50)\">\n<div class=\"wp-block-group has-global-padding is-layout-constrained wp-container-core-group-is-layout-650790e1 wp-block-group-is-layout-constrained\">\n<h1 class=\"wp-block-heading has-text-align-center has-xx-large-font-size\"><strong>Relacje inwestorskie<\/strong><\/h1>\n<\/div>\n<\/div>\n\n\n\n<h2 class=\"wp-block-heading\">Dokumenty<\/h2>\n\n\n\n<p><\/p>\n\n\n\n<ul class=\"wp-block-list\">\n<li class=\"has-medium-font-size\"><a href=\"http:\/\/organikasrodowisko.pl\/wp-content\/uploads\/2024\/12\/Statut-Spolki-Z.-CH.-Organika-Azot-S.A.-28-10-2022.pdf\">Statut sp\u00f3\u0142ki<\/a><\/li>\n<\/ul>\n\n\n\n<p><br><\/p>\n\n\n\n<p><\/p>\n\n\n\n<p><\/p>\n\n\n\n<p><\/p>\n\n\n\n<p><\/p>\n\n\n\n<h2 class=\"wp-block-heading\">Informacje<\/h2>\n\n\n\n<p><strong>Rok 2025<\/strong><\/p>\n\n\n\n<ul class=\"wp-block-list\">\n<li><strong>Zawiadomienie o zwo\u0142aniu Zwyczajnego Walnego Zgromadzenia Akcjonariuszy sp\u00f3\u0142ki Organika \u015arodowisko S.A. &#8211; 12.06.2025 r. (kliknij strza\u0142k\u0119 poni\u017cej aby pobra\u0107)<\/strong><\/li>\n<\/ul>\n\n\n\n<details class=\"wp-block-details is-layout-flow wp-block-details-is-layout-flow\"><summary><\/summary>\n<div data-wp-interactive=\"core\/file\" class=\"wp-block-file\"><object data-wp-bind--hidden=\"!state.hasPdfPreview\" hidden class=\"wp-block-file__embed\" data=\"http:\/\/organikasrodowisko.pl\/wp-content\/uploads\/2025\/06\/OS-zaproszenie-ZWZA-12-06-2025.pdf\" type=\"application\/pdf\" style=\"width:100%;height:600px\" aria-label=\"Osadzone z O\u015a - zaproszenie ZWZA 12-06-2025.\"><\/object><a id=\"wp-block-file--media-39ffe93b-3bde-45fb-832d-a0e8f635d7a8\" href=\"http:\/\/organikasrodowisko.pl\/wp-content\/uploads\/2025\/06\/OS-zaproszenie-ZWZA-12-06-2025.pdf\">O\u015a &#8211; zaproszenie ZWZA 12-06-2025<\/a><a href=\"http:\/\/organikasrodowisko.pl\/wp-content\/uploads\/2025\/06\/OS-zaproszenie-ZWZA-12-06-2025.pdf\" class=\"wp-block-file__button wp-element-button\" download aria-describedby=\"wp-block-file--media-39ffe93b-3bde-45fb-832d-a0e8f635d7a8\">Pobierz<\/a><\/div>\n<\/details>\n\n\n\n<p class=\"has-medium-font-size\"><strong>Rok 2024<\/strong><\/p>\n\n\n\n<ul class=\"wp-block-list\">\n<li>Zawiadomienie o zwo\u0142aniu Nadzwyczajnego Walnego Zgromadzenia Akcjonariuszy sp\u00f3\u0142ki Zak\u0142ady Chemiczne \u201eOrganika \u2013 Azot\u201d SA -19.12.2024r. &nbsp;(kliknij <a href=\"http:\/\/organikasrodowisko.pl\/wp-content\/uploads\/2024\/12\/Zaproszenie_NWZA_19.12.2024.pdf\">TUTAJ<\/a>&nbsp;aby pobra\u0107)<br><br><\/li>\n\n\n\n<li>Zawiadomienie o zwo\u0142aniu Zwyczajnego Walnego Zgromadzenia Akcjonariuszy sp\u00f3\u0142ki Zak\u0142ady Chemiczne \u201eOrganika \u2013 Azot\u201d SA -21.11.2024r. (kliknij <a href=\"http:\/\/organikasrodowisko.pl\/wp-content\/uploads\/2024\/12\/Zaproszenie-ZWZA_21-11.2024.pdf\">TUTAJ<\/a>&nbsp;aby pobra\u0107)<br><br><\/li>\n\n\n\n<li>Zawiadomienie o zwo\u0142aniu Zwyczajnego Walnego Zgromadzenia Akcjonariuszy sp\u00f3\u0142ki Zak\u0142ady Chemiczne \u201eOrganika \u2013 Azot\u201d SA -15.02.2024r. (kliknij <a href=\"http:\/\/organikasrodowisko.pl\/wp-content\/uploads\/2024\/12\/ZWZA-zaproszenie-15.02.2024.pdf\">TUTAJ<\/a>&nbsp;aby pobra\u0107)<br><br><\/li>\n<\/ul>\n\n\n\n<p><strong>Rok 2022<\/strong><\/p>\n\n\n\n<ul class=\"wp-block-list\">\n<li>Zawiadomienie o zwo\u0142aniu Zwyczajnego Walnego Zgromadzenia Akcjonariuszy sp\u00f3\u0142ki Zak\u0142ady Chemiczne \u201eOrganika \u2013 Azot\u201d SA -30.09.2022r. (kliknij <a href=\"http:\/\/organikasrodowisko.pl\/wp-content\/uploads\/2024\/12\/Statut-Spolki-Z.-CH.-Organika-Azot-S.A.-28-10-2022.pdf\">TUTAJ<\/a>&nbsp;aby pobra\u0107)<\/li>\n<\/ul>\n\n\n\n<p><\/p>\n","protected":false},"excerpt":{"rendered":"<p>Relacje inwestorskie Dokumenty Informacje Rok 2025 Rok 2024 Rok 2022<\/p>\n","protected":false},"author":1,"featured_media":0,"parent":0,"menu_order":1,"comment_status":"closed","ping_status":"closed","template":"page-no-title","meta":{"footnotes":""},"class_list":["post-143","page","type-page","status-publish","hentry"],"yoast_head":"<!-- This site is optimized with the Yoast SEO plugin v22.9 - https:\/\/yoast.com\/wordpress\/plugins\/seo\/ -->\n<title>Relacje inwestorskie - organikasrodowisko.pl<\/title>\n<meta name=\"robots\" content=\"index, follow, max-snippet:-1, max-image-preview:large, max-video-preview:-1\" \/>\n<link rel=\"canonical\" href=\"https:\/\/organikasrodowisko.pl\/?page_id=143\" \/>\n<meta property=\"og:locale\" content=\"pl_PL\" \/>\n<meta property=\"og:type\" content=\"article\" \/>\n<meta property=\"og:title\" content=\"Relacje inwestorskie - organikasrodowisko.pl\" \/>\n<meta property=\"og:description\" content=\"Relacje inwestorskie Dokumenty Informacje Rok 2025 Rok 2024 Rok 2022\" \/>\n<meta property=\"og:url\" content=\"https:\/\/organikasrodowisko.pl\/?page_id=143\" \/>\n<meta property=\"og:site_name\" content=\"organikasrodowisko.pl\" \/>\n<meta property=\"article:modified_time\" content=\"2025-06-13T08:13:27+00:00\" \/>\n<meta name=\"twitter:card\" content=\"summary_large_image\" \/>\n<meta name=\"twitter:label1\" content=\"Szacowany czas czytania\" \/>\n\t<meta name=\"twitter:data1\" content=\"1 minuta\" \/>\n<script type=\"application\/ld+json\" class=\"yoast-schema-graph\">{\"@context\":\"https:\/\/schema.org\",\"@graph\":[{\"@type\":\"WebPage\",\"@id\":\"https:\/\/organikasrodowisko.pl\/?page_id=143\",\"url\":\"https:\/\/organikasrodowisko.pl\/?page_id=143\",\"name\":\"Relacje inwestorskie - organikasrodowisko.pl\",\"isPartOf\":{\"@id\":\"https:\/\/organikasrodowisko.pl\/#website\"},\"datePublished\":\"2024-11-29T08:49:37+00:00\",\"dateModified\":\"2025-06-13T08:13:27+00:00\",\"breadcrumb\":{\"@id\":\"https:\/\/organikasrodowisko.pl\/?page_id=143#breadcrumb\"},\"inLanguage\":\"pl-PL\",\"potentialAction\":[{\"@type\":\"ReadAction\",\"target\":[\"https:\/\/organikasrodowisko.pl\/?page_id=143\"]}]},{\"@type\":\"BreadcrumbList\",\"@id\":\"https:\/\/organikasrodowisko.pl\/?page_id=143#breadcrumb\",\"itemListElement\":[{\"@type\":\"ListItem\",\"position\":1,\"name\":\"Home\",\"item\":\"https:\/\/organikasrodowisko.pl\/\"},{\"@type\":\"ListItem\",\"position\":2,\"name\":\"Relacje inwestorskie\"}]},{\"@type\":\"WebSite\",\"@id\":\"https:\/\/organikasrodowisko.pl\/#website\",\"url\":\"https:\/\/organikasrodowisko.pl\/\",\"name\":\"organikasrodowisko.pl\",\"description\":\"\",\"publisher\":{\"@id\":\"https:\/\/organikasrodowisko.pl\/#organization\"},\"potentialAction\":[{\"@type\":\"SearchAction\",\"target\":{\"@type\":\"EntryPoint\",\"urlTemplate\":\"https:\/\/organikasrodowisko.pl\/?s={search_term_string}\"},\"query-input\":\"required name=search_term_string\"}],\"inLanguage\":\"pl-PL\"},{\"@type\":\"Organization\",\"@id\":\"https:\/\/organikasrodowisko.pl\/#organization\",\"name\":\"organikasrodowisko.pl\",\"url\":\"https:\/\/organikasrodowisko.pl\/\",\"logo\":{\"@type\":\"ImageObject\",\"inLanguage\":\"pl-PL\",\"@id\":\"https:\/\/organikasrodowisko.pl\/#\/schema\/logo\/image\/\",\"url\":\"https:\/\/organikasrodowisko.pl\/wp-content\/uploads\/2024\/11\/Organika-Srodowisko-1-e1734615965885.png\",\"contentUrl\":\"https:\/\/organikasrodowisko.pl\/wp-content\/uploads\/2024\/11\/Organika-Srodowisko-1-e1734615965885.png\",\"width\":60,\"height\":41,\"caption\":\"organikasrodowisko.pl\"},\"image\":{\"@id\":\"https:\/\/organikasrodowisko.pl\/#\/schema\/logo\/image\/\"}}]}<\/script>\n<!-- \/ Yoast SEO plugin. -->","yoast_head_json":{"title":"Relacje inwestorskie - organikasrodowisko.pl","robots":{"index":"index","follow":"follow","max-snippet":"max-snippet:-1","max-image-preview":"max-image-preview:large","max-video-preview":"max-video-preview:-1"},"canonical":"https:\/\/organikasrodowisko.pl\/?page_id=143","og_locale":"pl_PL","og_type":"article","og_title":"Relacje inwestorskie - organikasrodowisko.pl","og_description":"Relacje inwestorskie Dokumenty Informacje Rok 2025 Rok 2024 Rok 2022","og_url":"https:\/\/organikasrodowisko.pl\/?page_id=143","og_site_name":"organikasrodowisko.pl","article_modified_time":"2025-06-13T08:13:27+00:00","twitter_card":"summary_large_image","twitter_misc":{"Szacowany czas czytania":"1 minuta"},"schema":{"@context":"https:\/\/schema.org","@graph":[{"@type":"WebPage","@id":"https:\/\/organikasrodowisko.pl\/?page_id=143","url":"https:\/\/organikasrodowisko.pl\/?page_id=143","name":"Relacje inwestorskie - organikasrodowisko.pl","isPartOf":{"@id":"https:\/\/organikasrodowisko.pl\/#website"},"datePublished":"2024-11-29T08:49:37+00:00","dateModified":"2025-06-13T08:13:27+00:00","breadcrumb":{"@id":"https:\/\/organikasrodowisko.pl\/?page_id=143#breadcrumb"},"inLanguage":"pl-PL","potentialAction":[{"@type":"ReadAction","target":["https:\/\/organikasrodowisko.pl\/?page_id=143"]}]},{"@type":"BreadcrumbList","@id":"https:\/\/organikasrodowisko.pl\/?page_id=143#breadcrumb","itemListElement":[{"@type":"ListItem","position":1,"name":"Home","item":"https:\/\/organikasrodowisko.pl\/"},{"@type":"ListItem","position":2,"name":"Relacje inwestorskie"}]},{"@type":"WebSite","@id":"https:\/\/organikasrodowisko.pl\/#website","url":"https:\/\/organikasrodowisko.pl\/","name":"organikasrodowisko.pl","description":"","publisher":{"@id":"https:\/\/organikasrodowisko.pl\/#organization"},"potentialAction":[{"@type":"SearchAction","target":{"@type":"EntryPoint","urlTemplate":"https:\/\/organikasrodowisko.pl\/?s={search_term_string}"},"query-input":"required name=search_term_string"}],"inLanguage":"pl-PL"},{"@type":"Organization","@id":"https:\/\/organikasrodowisko.pl\/#organization","name":"organikasrodowisko.pl","url":"https:\/\/organikasrodowisko.pl\/","logo":{"@type":"ImageObject","inLanguage":"pl-PL","@id":"https:\/\/organikasrodowisko.pl\/#\/schema\/logo\/image\/","url":"https:\/\/organikasrodowisko.pl\/wp-content\/uploads\/2024\/11\/Organika-Srodowisko-1-e1734615965885.png","contentUrl":"https:\/\/organikasrodowisko.pl\/wp-content\/uploads\/2024\/11\/Organika-Srodowisko-1-e1734615965885.png","width":60,"height":41,"caption":"organikasrodowisko.pl"},"image":{"@id":"https:\/\/organikasrodowisko.pl\/#\/schema\/logo\/image\/"}}]}},"_links":{"self":[{"href":"https:\/\/organikasrodowisko.pl\/index.php?rest_route=\/wp\/v2\/pages\/143","targetHints":{"allow":["GET"]}}],"collection":[{"href":"https:\/\/organikasrodowisko.pl\/index.php?rest_route=\/wp\/v2\/pages"}],"about":[{"href":"https:\/\/organikasrodowisko.pl\/index.php?rest_route=\/wp\/v2\/types\/page"}],"author":[{"embeddable":true,"href":"https:\/\/organikasrodowisko.pl\/index.php?rest_route=\/wp\/v2\/users\/1"}],"replies":[{"embeddable":true,"href":"https:\/\/organikasrodowisko.pl\/index.php?rest_route=%2Fwp%2Fv2%2Fcomments&post=143"}],"version-history":[{"count":26,"href":"https:\/\/organikasrodowisko.pl\/index.php?rest_route=\/wp\/v2\/pages\/143\/revisions"}],"predecessor-version":[{"id":236,"href":"https:\/\/organikasrodowisko.pl\/index.php?rest_route=\/wp\/v2\/pages\/143\/revisions\/236"}],"wp:attachment":[{"href":"https:\/\/organikasrodowisko.pl\/index.php?rest_route=%2Fwp%2Fv2%2Fmedia&parent=143"}],"curies":[{"name":"wp","href":"https:\/\/api.w.org\/{rel}","templated":true}]}}